{"id":808,"date":"2021-01-05T19:34:22","date_gmt":"2021-01-05T22:34:22","guid":{"rendered":"http:\/\/raks.com.br\/?page_id=808"},"modified":"2025-04-16T09:20:48","modified_gmt":"2025-04-16T12:20:48","slug":"solucoes","status":"publish","type":"page","link":"https:\/\/raks.com.br\/en\/solucoes\/","title":{"rendered":"Solutions"},"content":{"rendered":"<div data-elementor-type=\"wp-page\" data-elementor-id=\"808\" class=\"elementor elementor-808\" data-elementor-settings=\"[]\">\n\t\t\t\t\t\t<div class=\"elementor-inner\">\n\t\t\t\t\t\t\t<div class=\"elementor-section-wrap\">\n\t\t\t\t\t\t\t<section class=\"elementor-section elementor-top-section elementor-element elementor-element-c5ca19e elementor-section-boxed elementor-section-height-default elementor-section-height-default\" data-id=\"c5ca19e\" data-element_type=\"section\" data-settings=\"{&quot;background_background&quot;:&quot;classic&quot;}\">\n\t\t\t\t\t\t\t<div class=\"elementor-background-overlay\"><\/div>\n\t\t\t\t\t\t\t<div class=\"elementor-container elementor-column-gap-no\">\n\t\t\t\t\t\t\t<div class=\"elementor-row\">\n\t\t\t\t\t<div class=\"elementor-column elementor-col-50 elementor-top-column elementor-element elementor-element-cdc9b23\" data-id=\"cdc9b23\" data-element_type=\"column\">\n\t\t\t<div class=\"elementor-column-wrap elementor-element-populated\">\n\t\t\t\t\t\t\t<div class=\"elementor-widget-wrap\">\n\t\t\t\t\t\t<div class=\"elementor-element elementor-element-7d5ae2e elementor-widget-divider--view-line elementor-widget elementor-widget-divider\" data-id=\"7d5ae2e\" data-element_type=\"widget\" data-widget_type=\"divider.default\">\n\t\t\t\t<div class=\"elementor-widget-container\">\n\t\t\t\t\t<div class=\"elementor-divider\">\n\t\t\t<span class=\"elementor-divider-separator\">\n\t\t\t\t\t\t<\/span>\n\t\t<\/div>\n\t\t\t\t<\/div>\n\t\t\t\t<\/div>\n\t\t\t\t<div class=\"elementor-element elementor-element-bdd3a21 elementor-invisible elementor-widget elementor-widget-heading\" data-id=\"bdd3a21\" data-element_type=\"widget\" data-settings=\"{&quot;_animation&quot;:&quot;fadeInLeft&quot;}\" data-widget_type=\"heading.default\">\n\t\t\t\t<div class=\"elementor-widget-container\">\n\t\t\t<h1 class=\"elementor-heading-title elementor-size-default\">Solutions<\/h1>\t\t<\/div>\n\t\t\t\t<\/div>\n\t\t\t\t\t\t<\/div>\n\t\t\t\t\t<\/div>\n\t\t<\/div>\n\t\t\t\t<div class=\"elementor-column elementor-col-50 elementor-top-column elementor-element elementor-element-1fb055b\" data-id=\"1fb055b\" data-element_type=\"column\">\n\t\t\t<div class=\"elementor-column-wrap elementor-element-populated\">\n\t\t\t\t\t\t\t<div class=\"elementor-widget-wrap\">\n\t\t\t\t\t\t<div class=\"elementor-element elementor-element-3616172 elementor-widget elementor-widget-text-editor\" data-id=\"3616172\" data-element_type=\"widget\" data-widget_type=\"text-editor.default\">\n\t\t\t\t<div class=\"elementor-widget-container\">\n\t\t\t\t\t<div class=\"elementor-text-editor elementor-clearfix\"><\/div>\n\t\t\t\t<\/div>\n\t\t\t\t<\/div>\n\t\t\t\t\t\t<\/div>\n\t\t\t\t\t<\/div>\n\t\t<\/div>\n\t\t\t\t\t\t\t\t<\/div>\n\t\t\t\t\t<\/div>\n\t\t<\/section>\n\t\t\t\t<section class=\"elementor-section elementor-top-section elementor-element elementor-element-99b6db7 elementor-section-boxed elementor-section-height-default elementor-section-height-default\" data-id=\"99b6db7\" data-element_type=\"section\" data-settings=\"{&quot;background_background&quot;:&quot;classic&quot;}\">\n\t\t\t\t\t\t<div class=\"elementor-container elementor-column-gap-default\">\n\t\t\t\t\t\t\t<div class=\"elementor-row\">\n\t\t\t\t\t<div class=\"elementor-column elementor-col-100 elementor-top-column elementor-element elementor-element-d52eb93\" data-id=\"d52eb93\" data-element_type=\"column\">\n\t\t\t<div class=\"elementor-column-wrap elementor-element-populated\">\n\t\t\t\t\t\t\t<div class=\"elementor-widget-wrap\">\n\t\t\t\t\t\t<div class=\"elementor-element elementor-element-96f88e3 elementor-widget elementor-widget-heading\" data-id=\"96f88e3\" data-element_type=\"widget\" data-widget_type=\"heading.default\">\n\t\t\t\t<div class=\"elementor-widget-container\">\n\t\t\t<h6 class=\"elementor-heading-title elementor-size-default\">solutions<\/h6>\t\t<\/div>\n\t\t\t\t<\/div>\n\t\t\t\t<div class=\"elementor-element elementor-element-2277f1e elementor-widget-divider--view-line elementor-widget elementor-widget-divider\" data-id=\"2277f1e\" data-element_type=\"widget\" data-widget_type=\"divider.default\">\n\t\t\t\t<div class=\"elementor-widget-container\">\n\t\t\t\t\t<div class=\"elementor-divider\">\n\t\t\t<span class=\"elementor-divider-separator\">\n\t\t\t\t\t\t<\/span>\n\t\t<\/div>\n\t\t\t\t<\/div>\n\t\t\t\t<\/div>\n\t\t\t\t<div class=\"elementor-element elementor-element-2f07acc elementor-invisible elementor-widget elementor-widget-heading\" data-id=\"2f07acc\" data-element_type=\"widget\" data-settings=\"{&quot;_animation&quot;:&quot;fadeInRight&quot;}\" data-widget_type=\"heading.default\">\n\t\t\t\t<div class=\"elementor-widget-container\">\n\t\t\t<h2 class=\"elementor-heading-title elementor-size-default\">Intelligent Irrigation Management System<\/h2>\t\t<\/div>\n\t\t\t\t<\/div>\n\t\t\t\t<div class=\"elementor-element elementor-element-185b27c elementor-invisible elementor-widget elementor-widget-image\" data-id=\"185b27c\" data-element_type=\"widget\" data-settings=\"{&quot;_animation&quot;:&quot;fadeInLeft&quot;}\" data-widget_type=\"image.default\">\n\t\t\t\t<div class=\"elementor-widget-container\">\n\t\t\t\t\t<div class=\"elementor-image\">\n\t\t\t\t\t\t\t\t\t\t<img width=\"2560\" height=\"1491\" src=\"https:\/\/raks.com.br\/wp-content\/uploads\/2021\/01\/mock_web_mob_high.png\" class=\"attachment-full size-full\" alt=\"\" loading=\"lazy\" srcset=\"https:\/\/raks.com.br\/wp-content\/uploads\/2021\/01\/mock_web_mob_high.png 2560w, https:\/\/raks.com.br\/wp-content\/uploads\/2021\/01\/mock_web_mob_high-300x175.png 300w, https:\/\/raks.com.br\/wp-content\/uploads\/2021\/01\/mock_web_mob_high-1024x597.png 1024w, https:\/\/raks.com.br\/wp-content\/uploads\/2021\/01\/mock_web_mob_high-768x447.png 768w, https:\/\/raks.com.br\/wp-content\/uploads\/2021\/01\/mock_web_mob_high-1536x895.png 1536w, https:\/\/raks.com.br\/wp-content\/uploads\/2021\/01\/mock_web_mob_high-2048x1193.png 2048w, https:\/\/raks.com.br\/wp-content\/uploads\/2021\/01\/mock_web_mob_high-16x9.png 16w\" sizes=\"(max-width: 2560px) 100vw, 2560px\" \/>\t\t\t\t\t\t\t\t\t\t\t<\/div>\n\t\t\t\t<\/div>\n\t\t\t\t<\/div>\n\t\t\t\t\t\t<\/div>\n\t\t\t\t\t<\/div>\n\t\t<\/div>\n\t\t\t\t\t\t\t\t<\/div>\n\t\t\t\t\t<\/div>\n\t\t<\/section>\n\t\t\t\t<section class=\"elementor-section elementor-top-section elementor-element elementor-element-dcd00a6 elementor-section-boxed elementor-section-height-default elementor-section-height-default\" data-id=\"dcd00a6\" data-element_type=\"section\">\n\t\t\t\t\t\t<div class=\"elementor-container elementor-column-gap-default\">\n\t\t\t\t\t\t\t<div class=\"elementor-row\">\n\t\t\t\t\t<div class=\"elementor-column elementor-col-100 elementor-top-column elementor-element elementor-element-cb4ea63\" data-id=\"cb4ea63\" data-element_type=\"column\">\n\t\t\t<div class=\"elementor-column-wrap elementor-element-populated\">\n\t\t\t\t\t\t\t<div class=\"elementor-widget-wrap\">\n\t\t\t\t\t\t<div class=\"elementor-element elementor-element-044b8a6 elementor-widget elementor-widget-heading\" data-id=\"044b8a6\" data-element_type=\"widget\" data-widget_type=\"heading.default\">\n\t\t\t\t<div class=\"elementor-widget-container\">\n\t\t\t<h2 class=\"elementor-heading-title elementor-size-default\"><span style=\"font-size: 2.5rem; font-style: normal; font-weight: 700;\">Find the right plan for you<\/span><\/h2>\t\t<\/div>\n\t\t\t\t<\/div>\n\t\t\t\t\t\t<\/div>\n\t\t\t\t\t<\/div>\n\t\t<\/div>\n\t\t\t\t\t\t\t\t<\/div>\n\t\t\t\t\t<\/div>\n\t\t<\/section>\n\t\t\t\t<section class=\"elementor-section elementor-top-section elementor-element elementor-element-93f8b13 elementor-section-boxed elementor-section-height-default elementor-section-height-default\" data-id=\"93f8b13\" data-element_type=\"section\">\n\t\t\t\t\t\t<div class=\"elementor-container elementor-column-gap-default\">\n\t\t\t\t\t\t\t<div class=\"elementor-row\">\n\t\t\t\t\t<div class=\"elementor-column elementor-col-100 elementor-top-column elementor-element elementor-element-fb81786\" data-id=\"fb81786\" data-element_type=\"column\">\n\t\t\t<div class=\"elementor-column-wrap elementor-element-populated\">\n\t\t\t\t\t\t\t<div class=\"elementor-widget-wrap\">\n\t\t\t\t\t\t<section class=\"elementor-section elementor-inner-section elementor-element elementor-element-ae29ff8 elementor-section-boxed elementor-section-height-default elementor-section-height-default\" data-id=\"ae29ff8\" data-element_type=\"section\">\n\t\t\t\t\t\t<div class=\"elementor-container elementor-column-gap-default\">\n\t\t\t\t\t\t\t<div class=\"elementor-row\">\n\t\t\t\t\t<div class=\"elementor-column elementor-col-100 elementor-inner-column elementor-element elementor-element-714159a elementor-invisible\" data-id=\"714159a\" data-element_type=\"column\" data-settings=\"{&quot;background_background&quot;:&quot;classic&quot;,&quot;animation&quot;:&quot;fadeInRight&quot;}\">\n\t\t\t<div class=\"elementor-column-wrap elementor-element-populated\">\n\t\t\t\t\t\t\t<div class=\"elementor-widget-wrap\">\n\t\t\t\t\t\t<div class=\"elementor-element elementor-element-6c2525d elementor-widget elementor-widget-heading\" data-id=\"6c2525d\" data-element_type=\"widget\" data-widget_type=\"heading.default\">\n\t\t\t\t<div class=\"elementor-widget-container\">\n\t\t\t<h3 class=\"elementor-heading-title elementor-size-default\">Manejo da irriga\u00e7\u00e3o Raks <\/h3>\t\t<\/div>\n\t\t\t\t<\/div>\n\t\t\t\t<div class=\"elementor-element elementor-element-d4aa327 elementor-hidden-phone elementor-widget elementor-widget-image\" data-id=\"d4aa327\" data-element_type=\"widget\" data-widget_type=\"image.default\">\n\t\t\t\t<div class=\"elementor-widget-container\">\n\t\t\t<style>.elementor-element-d4aa327{display:none !important}<\/style>\t\t<\/div>\n\t\t\t\t<\/div>\n\t\t\t\t<div class=\"elementor-element elementor-element-2153b98 elementor-widget elementor-widget-image\" data-id=\"2153b98\" data-element_type=\"widget\" data-no-translation=\"\" data-widget_type=\"image.default\">\n\t\t\t\t<div class=\"elementor-widget-container\">\n\t\t\t\t\t<div class=\"elementor-image\">\n\t\t\t\t\t\t\t\t\t\t<img width=\"1024\" height=\"591\" src=\"https:\/\/raks.com.br\/wp-content\/uploads\/2023\/05\/Solucao-completa-EN-1024x591.png\" class=\"attachment-large size-large\" alt=\"\" loading=\"lazy\" srcset=\"https:\/\/raks.com.br\/wp-content\/uploads\/2023\/05\/Solucao-completa-EN-1024x591.png 1024w, https:\/\/raks.com.br\/wp-content\/uploads\/2023\/05\/Solucao-completa-EN-300x173.png 300w, https:\/\/raks.com.br\/wp-content\/uploads\/2023\/05\/Solucao-completa-EN-768x443.png 768w, https:\/\/raks.com.br\/wp-content\/uploads\/2023\/05\/Solucao-completa-EN-1536x886.png 1536w, https:\/\/raks.com.br\/wp-content\/uploads\/2023\/05\/Solucao-completa-EN-16x9.png 16w, https:\/\/raks.com.br\/wp-content\/uploads\/2023\/05\/Solucao-completa-EN.png 1786w\" sizes=\"(max-width: 1024px) 100vw, 1024px\" \/>\t\t\t\t\t\t\t\t\t\t\t<\/div>\n\t\t\t\t<\/div>\n\t\t\t\t<\/div>\n\t\t\t\t<div class=\"elementor-element elementor-element-3988228 elementor-hidden-desktop elementor-hidden-tablet elementor-widget elementor-widget-image\" data-id=\"3988228\" data-element_type=\"widget\" data-widget_type=\"image.default\">\n\t\t\t\t<div class=\"elementor-widget-container\">\n\t\t\t<style>.elementor-element-3988228{display:none !important}<\/style>\t\t<\/div>\n\t\t\t\t<\/div>\n\t\t\t\t<div class=\"elementor-element elementor-element-0d1f38a elementor-hidden-desktop elementor-widget elementor-widget-image\" data-id=\"0d1f38a\" data-element_type=\"widget\" data-no-translation=\"\" data-widget_type=\"image.default\">\n\t\t\t\t<div class=\"elementor-widget-container\">\n\t\t\t\t\t<div class=\"elementor-image\">\n\t\t\t\t\t\t\t\t\t\t<img width=\"535\" height=\"1024\" src=\"https:\/\/raks.com.br\/wp-content\/uploads\/2023\/05\/Solucao-completa-mobile-EN-535x1024.png\" class=\"attachment-large size-large\" alt=\"\" loading=\"lazy\" srcset=\"https:\/\/raks.com.br\/wp-content\/uploads\/2023\/05\/Solucao-completa-mobile-EN-535x1024.png 535w, https:\/\/raks.com.br\/wp-content\/uploads\/2023\/05\/Solucao-completa-mobile-EN-157x300.png 157w, https:\/\/raks.com.br\/wp-content\/uploads\/2023\/05\/Solucao-completa-mobile-EN-768x1471.png 768w, https:\/\/raks.com.br\/wp-content\/uploads\/2023\/05\/Solucao-completa-mobile-EN-802x1536.png 802w, https:\/\/raks.com.br\/wp-content\/uploads\/2023\/05\/Solucao-completa-mobile-EN-1069x2048.png 1069w, https:\/\/raks.com.br\/wp-content\/uploads\/2023\/05\/Solucao-completa-mobile-EN-6x12.png 6w, https:\/\/raks.com.br\/wp-content\/uploads\/2023\/05\/Solucao-completa-mobile-EN.png 1086w\" sizes=\"(max-width: 535px) 100vw, 535px\" \/>\t\t\t\t\t\t\t\t\t\t\t<\/div>\n\t\t\t\t<\/div>\n\t\t\t\t<\/div>\n\t\t\t\t<div class=\"elementor-element elementor-element-19e82ae elementor-widget elementor-widget-text-editor\" data-id=\"19e82ae\" data-element_type=\"widget\" data-widget_type=\"text-editor.default\">\n\t\t\t\t<div class=\"elementor-widget-container\">\n\t\t\t\t\t<div class=\"elementor-text-editor elementor-clearfix\"><p><span class=\"ui-provider bxw bxx c d e f g h i j k l m n o p q r s t bxy bxz w x y z ab ac ae af ag ah ai aj ak\" dir=\"ltr\">Learn <strong>when<\/strong> and <strong>how<\/strong> much to irrigate with the Intelligent Raks Management. The solution works by combining soil, plant, climate, and irrigation method data, utilizing fixed TDR soil moisture sensors in the field.<\/span><\/p><\/div>\n\t\t\t\t<\/div>\n\t\t\t\t<\/div>\n\t\t\t\t<div class=\"elementor-element elementor-element-c06d4b7 elementor-widget elementor-widget-text-editor\" data-id=\"c06d4b7\" data-element_type=\"widget\" data-widget_type=\"text-editor.default\">\n\t\t\t\t<div class=\"elementor-widget-container\">\n\t\t\t\t\t<div class=\"elementor-text-editor elementor-clearfix\"><p>Here you have:<\/p><ul><li><span style=\"font-size: 16px;\">Remote sensing of soil moisture with high-precision TDR equipment with international recognition<\/span><\/li><li>Storage of <strong>hourly<\/strong> soil moisture data in the cloud and graphical presentation on the platform<\/li><li>Platform parameterization with soil, crop, and irrigation method data<\/li><li>Recomenda\u00e7\u00e3o de l\u00e2mina de irriga\u00e7\u00e3o na plataforma<\/li><\/ul><\/div>\n\t\t\t\t<\/div>\n\t\t\t\t<\/div>\n\t\t\t\t<div class=\"elementor-element elementor-element-cb1fca0 elementor-widget elementor-widget-text-editor\" data-id=\"cb1fca0\" data-element_type=\"widget\" data-widget_type=\"text-editor.default\">\n\t\t\t\t<div class=\"elementor-widget-container\">\n\t\t\t\t\t<div class=\"elementor-text-editor elementor-clearfix\"><p>Available for annual and perennial crops.<\/p><p><span style=\"font-size: 16px;\">Contact an expert to find out the plan that best suits <\/span><strong style=\"font-size: 16px;\">your<\/strong><span style=\"font-size: 16px;\"> needs!<\/span><\/p><\/div>\n\t\t\t\t<\/div>\n\t\t\t\t<\/div>\n\t\t\t\t<div class=\"elementor-element elementor-element-8c0dbfe elementor-align-center elementor-widget elementor-widget-button\" data-id=\"8c0dbfe\" data-element_type=\"widget\" data-widget_type=\"button.default\">\n\t\t\t\t<div class=\"elementor-widget-container\">\n\t\t\t\t\t<div class=\"elementor-button-wrapper\">\n\t\t\t<a href=\"https:\/\/raks.com.br\/en\/orcamento\/\" class=\"elementor-button-link elementor-button elementor-size-sm\" role=\"button\">\n\t\t\t\t\t\t<span class=\"elementor-button-content-wrapper\">\n\t\t\t\t\t\t<span class=\"elementor-button-text\">Talk with an expert<\/span>\n\t\t<\/span>\n\t\t\t\t\t<\/a>\n\t\t<\/div>\n\t\t\t\t<\/div>\n\t\t\t\t<\/div>\n\t\t\t\t\t\t<\/div>\n\t\t\t\t\t<\/div>\n\t\t<\/div>\n\t\t\t\t\t\t\t\t<\/div>\n\t\t\t\t\t<\/div>\n\t\t<\/section>\n\t\t\t\t\t\t<\/div>\n\t\t\t\t\t<\/div>\n\t\t<\/div>\n\t\t\t\t\t\t\t\t<\/div>\n\t\t\t\t\t<\/div>\n\t\t<\/section>\n\t\t\t\t\t\t<\/div>\n\t\t\t\t\t\t<\/div>\n\t\t\t\t\t<\/div>","protected":false},"excerpt":{"rendered":"<p>solu\u00e7\u00f5es Sistema Inteligente para Manejo da Irriga\u00e7\u00e3o Confira o plano ideal para voc\u00ea Manejo da irriga\u00e7\u00e3o Raks Saiba quando e quanto irrigar atrav\u00e9s do Manejo Inteligente Raks.\u00a0A solu\u00e7\u00e3o trabalha com a uni\u00e3o de dados de solo, planta, clima e m\u00e9todo de irriga\u00e7\u00e3o, contando com sensores TDR de umidade do solo fixos em campo. Aqui voc\u00ea &hellip;<\/p>\n<p class=\"read-more\"> <a class=\"\" href=\"https:\/\/raks.com.br\/en\/solucoes\/\"> <span class=\"screen-reader-text\">Solutions<\/span> Read More \u00bb<\/a><\/p>","protected":false},"author":1,"featured_media":0,"parent":0,"menu_order":0,"comment_status":"closed","ping_status":"closed","template":"","meta":[],"yst_prominent_words":[],"_links":{"self":[{"href":"https:\/\/raks.com.br\/en\/wp-json\/wp\/v2\/pages\/808"}],"collection":[{"href":"https:\/\/raks.com.br\/en\/wp-json\/wp\/v2\/pages"}],"about":[{"href":"https:\/\/raks.com.br\/en\/wp-json\/wp\/v2\/types\/page"}],"author":[{"embeddable":true,"href":"https:\/\/raks.com.br\/en\/wp-json\/wp\/v2\/users\/1"}],"replies":[{"embeddable":true,"href":"https:\/\/raks.com.br\/en\/wp-json\/wp\/v2\/comments?post=808"}],"version-history":[{"count":129,"href":"https:\/\/raks.com.br\/en\/wp-json\/wp\/v2\/pages\/808\/revisions"}],"predecessor-version":[{"id":3499,"href":"https:\/\/raks.com.br\/en\/wp-json\/wp\/v2\/pages\/808\/revisions\/3499"}],"wp:attachment":[{"href":"https:\/\/raks.com.br\/en\/wp-json\/wp\/v2\/media?parent=808"}],"wp:term":[{"taxonomy":"yst_prominent_words","embeddable":true,"href":"https:\/\/raks.com.br\/en\/wp-json\/wp\/v2\/yst_prominent_words?post=808"}],"curies":[{"name":"wp","href":"https:\/\/api.w.org\/{rel}","templated":true}]}}