{"id":2200,"date":"2021-07-21T16:33:37","date_gmt":"2021-07-21T19:33:37","guid":{"rendered":"https:\/\/raks.com.br\/?page_id=2200"},"modified":"2021-10-06T09:51:43","modified_gmt":"2021-10-06T12:51:43","slug":"politica-de-privacidade-e-seguranca","status":"publish","type":"page","link":"https:\/\/raks.com.br\/en\/politica-de-privacidade-e-seguranca\/","title":{"rendered":"Pol\u00edtica de Privacidade e Seguran\u00e7a"},"content":{"rendered":"<div data-elementor-type=\"wp-page\" data-elementor-id=\"2200\" class=\"elementor elementor-2200\" data-elementor-settings=\"[]\">\n\t\t\t\t\t\t<div class=\"elementor-inner\">\n\t\t\t\t\t\t\t<div class=\"elementor-section-wrap\">\n\t\t\t\t\t\t\t<section class=\"elementor-section elementor-top-section elementor-element elementor-element-c5ca19e elementor-section-boxed elementor-section-height-default elementor-section-height-default\" data-id=\"c5ca19e\" data-element_type=\"section\" data-settings=\"{&quot;background_background&quot;:&quot;classic&quot;}\">\n\t\t\t\t\t\t\t<div class=\"elementor-background-overlay\"><\/div>\n\t\t\t\t\t\t\t<div class=\"elementor-container elementor-column-gap-no\">\n\t\t\t\t\t\t\t<div class=\"elementor-row\">\n\t\t\t\t\t<div class=\"elementor-column elementor-col-50 elementor-top-column elementor-element elementor-element-cdc9b23\" data-id=\"cdc9b23\" data-element_type=\"column\">\n\t\t\t<div class=\"elementor-column-wrap elementor-element-populated\">\n\t\t\t\t\t\t\t<div class=\"elementor-widget-wrap\">\n\t\t\t\t\t\t<div class=\"elementor-element elementor-element-7d5ae2e elementor-widget-divider--view-line elementor-widget elementor-widget-divider\" data-id=\"7d5ae2e\" data-element_type=\"widget\" data-widget_type=\"divider.default\">\n\t\t\t\t<div class=\"elementor-widget-container\">\n\t\t\t\t\t<div class=\"elementor-divider\">\n\t\t\t<span class=\"elementor-divider-separator\">\n\t\t\t\t\t\t<\/span>\n\t\t<\/div>\n\t\t\t\t<\/div>\n\t\t\t\t<\/div>\n\t\t\t\t<div class=\"elementor-element elementor-element-bdd3a21 elementor-widget elementor-widget-heading\" data-id=\"bdd3a21\" data-element_type=\"widget\" data-widget_type=\"heading.default\">\n\t\t\t\t<div class=\"elementor-widget-container\">\n\t\t\t<h1 class=\"elementor-heading-title elementor-size-default\">Pol\u00edtica de Privacidade e Seguran\u00e7a<\/h1>\t\t<\/div>\n\t\t\t\t<\/div>\n\t\t\t\t\t\t<\/div>\n\t\t\t\t\t<\/div>\n\t\t<\/div>\n\t\t\t\t<div class=\"elementor-column elementor-col-50 elementor-top-column elementor-element elementor-element-1fb055b\" data-id=\"1fb055b\" data-element_type=\"column\">\n\t\t\t<div class=\"elementor-column-wrap elementor-element-populated\">\n\t\t\t\t\t\t\t<div class=\"elementor-widget-wrap\">\n\t\t\t\t\t\t<div class=\"elementor-element elementor-element-3616172 elementor-widget elementor-widget-text-editor\" data-id=\"3616172\" data-element_type=\"widget\" data-widget_type=\"text-editor.default\">\n\t\t\t\t<div class=\"elementor-widget-container\">\n\t\t\t\t\t<div class=\"elementor-text-editor elementor-clearfix\"><\/div>\n\t\t\t\t<\/div>\n\t\t\t\t<\/div>\n\t\t\t\t\t\t<\/div>\n\t\t\t\t\t<\/div>\n\t\t<\/div>\n\t\t\t\t\t\t\t\t<\/div>\n\t\t\t\t\t<\/div>\n\t\t<\/section>\n\t\t\t\t<section class=\"elementor-section elementor-top-section elementor-element elementor-element-090eeba elementor-section-boxed elementor-section-height-default elementor-section-height-default\" data-id=\"090eeba\" data-element_type=\"section\">\n\t\t\t\t\t\t<div class=\"elementor-container elementor-column-gap-no\">\n\t\t\t\t\t\t\t<div class=\"elementor-row\">\n\t\t\t\t\t<div class=\"elementor-column elementor-col-100 elementor-top-column elementor-element elementor-element-9e42bc8\" data-id=\"9e42bc8\" data-element_type=\"column\">\n\t\t\t<div class=\"elementor-column-wrap elementor-element-populated\">\n\t\t\t\t\t\t\t<div class=\"elementor-widget-wrap\">\n\t\t\t\t\t\t<div class=\"elementor-element elementor-element-ec5870f elementor-widget elementor-widget-heading\" data-id=\"ec5870f\" data-element_type=\"widget\" data-widget_type=\"heading.default\">\n\t\t\t\t<div class=\"elementor-widget-container\">\n\t\t\t<h6 class=\"elementor-heading-title elementor-size-default\">SEUS DADOS EST\u00c3O PROTEGIDOS<\/h6>\t\t<\/div>\n\t\t\t\t<\/div>\n\t\t\t\t<div class=\"elementor-element elementor-element-80d1d9e elementor-widget-divider--view-line elementor-widget elementor-widget-divider\" data-id=\"80d1d9e\" data-element_type=\"widget\" data-widget_type=\"divider.default\">\n\t\t\t\t<div class=\"elementor-widget-container\">\n\t\t\t\t\t<div class=\"elementor-divider\">\n\t\t\t<span class=\"elementor-divider-separator\">\n\t\t\t\t\t\t<\/span>\n\t\t<\/div>\n\t\t\t\t<\/div>\n\t\t\t\t<\/div>\n\t\t\t\t<div class=\"elementor-element elementor-element-2e239c4 elementor-widget elementor-widget-heading\" data-id=\"2e239c4\" data-element_type=\"widget\" data-widget_type=\"heading.default\">\n\t\t\t\t<div class=\"elementor-widget-container\">\n\t\t\t<h2 class=\"elementor-heading-title elementor-size-default\">Pol\u00edtica de Privacidade e Seguran\u00e7a<\/h2>\t\t<\/div>\n\t\t\t\t<\/div>\n\t\t\t\t<div class=\"elementor-element elementor-element-b7482fd elementor-widget elementor-widget-text-editor\" data-id=\"b7482fd\" data-element_type=\"widget\" data-widget_type=\"text-editor.default\">\n\t\t\t\t<div class=\"elementor-widget-container\">\n\t\t\t\t\t<div class=\"elementor-text-editor elementor-clearfix\"><p><span style=\"font-weight: 400;\">A presente Pol\u00edtica de Privacidade tem por finalidade demonstrar o compromisso da <\/span><span style=\"font-weight: 400;\">RAKS TECNOLOGIA AGR\u00cdCOLA LTDA<\/span><span style=\"font-weight: 400;\">, pessoa jur\u00eddica de direito privado, com sede na cidade de <\/span><span style=\"font-weight: 400;\">S\u00e3o Leopoldo, estado do Rio Grande do Sul, na Av. Unisinos, n\u00ba 950, Salas 213 e 214, CEP 93022-750, inscrita no CNPJ\/MF sob n\u00ba 27.880.713\/0001-43<\/span><span style=\"font-weight: 400;\">, com a privacidade e a prote\u00e7\u00e3o dos dados pessoais coletados de seus USU\u00c1RIOS, estabelecendo as regras sobre a coleta, registro, armazenamento, uso, compartilhamento, enriquecimento e elimina\u00e7\u00e3o dos dados coletados dentro do escopo dos servi\u00e7os e funcionalidades do s\u00edtio eletr\u00f4nico da RAKS, de acordo com as leis em vigor. Como condi\u00e7\u00e3o para acesso e uso das funcionalidades exclusivas do s\u00edtio eletr\u00f4nico da RAKS, o USU\u00c1RIO declara que \u00e9 maior de 18 (dezoito) anos e que fez a leitura completa e atenta das regras deste documento e dos Termos de Uso, estando plenamente ciente e conferindo assim sua livre e expressa concord\u00e2ncia com os termos aqui estipulados. Caso n\u00e3o esteja de acordo com estas Diretivas, dever\u00e1 descontinuar o seu acesso.<\/span><\/p>\n<ol>\n<li>\n<h4>DADOS COLETADOS, FORMA E FINALIDADE DA COLETA<\/h4>\n<\/li>\n<\/ol>\n<p><span style=\"font-weight: 400;\">1.1. Os dados s\u00e3o coletados quando o USU\u00c1RIO os insere ou submete voluntariamente ao acessar e interagir com as funcionalidades disponibilizadas neste site.<\/span><\/p>\n<p><span style=\"font-weight: 400;\">1.2. N\u00e3o somos respons\u00e1veis pela precis\u00e3o, veracidade ou falta delas nas informa\u00e7\u00f5es que o USU\u00c1RIO prestar \u00e0 RAKS ou pela sua desatualiza\u00e7\u00e3o, quando \u00e9 de sua responsabilidade prest\u00e1-las com exatid\u00e3o ou atualiz\u00e1-las.<\/span><\/p>\n<p><span style=\"font-weight: 400;\">1.2.1. Todas as tecnologias utilizadas respeitar\u00e3o sempre a legisla\u00e7\u00e3o vigente e os termos desta Pol\u00edtica de Privacidade.<\/span><\/p>\n<p><span style=\"font-weight: 400;\">1.3.3 Os dados coletados destinam-se \u00e0s seguintes finalidades, para as quais os USU\u00c1RIOS fornecem seu consentimento:<\/span><\/p>\n<p><span style=\"font-size: 16px; font-weight: 400;\">a) permitir que a RAKS contate o USU\u00c1RIO quando for por este disponibilizado seus dados no formul\u00e1rio de contato;<\/span><\/p>\n<p><span style=\"font-size: 16px; font-weight: 400;\">b) autorizar o envio de newsletter, nos casos em que o USU\u00c1RIO inserir seus dados pessoais em campo destinado ao aceite desta funcionalidade;<\/span><\/p>\n<p><span style=\"font-size: 16px; font-weight: 400;\">c) acesso aos sistemas da RAKS por meio de login e senha de forma pessoal e intransfer\u00edvel.<\/span><\/p>\n<p><span style=\"font-weight: 400;\">1.4. O consentimento que o USU\u00c1RIO fornece para as finalidades de uso dos dados \u00e9 coletado de forma individual, clara, espec\u00edfica e leg\u00edtima.<\/span><\/p>\n<p><span style=\"font-weight: 400;\">1.5. Por meio do canal de atendimento CONTATO (contato@raks.com.br) o USU\u00c1RIO poder\u00e1 alterar suas concess\u00f5es de consentimento para tratamento de seus dados, conceder novas permiss\u00f5es ou retirar seu consentimento para as permiss\u00f5es atuais, sendo avisado das consequ\u00eancias que a retirada de consentimento poder\u00e1 causar.<\/span><\/p>\n<p><span style=\"font-weight: 400;\">1.5.1 Os dados coletados e as atividades registradas tamb\u00e9m poder\u00e3o ser compartilhados:<\/span><\/p>\n<p><span style=\"font-size: 16px; font-weight: 400;\">a) Com autoridades judiciais, administrativas ou governamentais competentes, sempre que houver determina\u00e7\u00e3o legal, requerimento, requisi\u00e7\u00e3o ou ordem judicial;<\/span><\/p>\n<p><span style=\"font-size: 16px; font-weight: 400;\">b) De forma autom\u00e1tica em caso de movimenta\u00e7\u00f5es societ\u00e1rias, como fus\u00e3o, aquisi\u00e7\u00e3o e incorpora\u00e7\u00e3o.<\/span><\/p>\n<p><span style=\"font-weight: 400;\">1.6. A base de dados formada por meio da coleta de dados no s\u00edtio eletr\u00f4nico da RAKS \u00e9 de nossa propriedade e responsabilidade, sendo que seu uso, acesso e compartilhamento, quando necess\u00e1rios, ser\u00e3o feitos dentro dos limites e prop\u00f3sitos dos nossos neg\u00f3cios e descritos nesta Pol\u00edtica de Privacidade.<\/span><\/p>\n<p><span style=\"font-weight: 400;\">1.6.1. Informa\u00e7\u00f5es de identifica\u00e7\u00e3o pessoal n\u00e3o ser\u00e3o vendidas ou alugadas pela RAKS.<\/span><\/p>\n<p><span style=\"font-weight: 400;\">1.6.2. O USU\u00c1RIO \u00e9 correspons\u00e1vel pelo sigilo de seus dados pessoais. O compartilhamento de senhas e dados de acesso viola esta Pol\u00edtica de Privacidade e os Termos de Uso do s\u00edtio eletr\u00f4nico da RAKS.<\/span><\/p>\n<p><span style=\"font-weight: 400;\">N\u00e3o ser\u00e3o enviados e-mails solicitando que o USU\u00c1RIO encaminhe seus dados cadastrais.<\/span><\/p>\n<p><span style=\"font-weight: 400;\">1.7. Internamente, os dados que coletamos s\u00e3o acessados somente por profissionais devidamente autorizados, respeitando os princ\u00edpios de proporcionalidade, necessidade e relev\u00e2ncia para os objetivos do s\u00edtio eletr\u00f4nico da RAKS, al\u00e9m do compromisso de confidencialidade e preserva\u00e7\u00e3o da privacidade nos termos desta Pol\u00edtica de Privacidade.<\/span><\/p>\n<ol start=\"2\">\n<li>\n<h4><strong> COMO ARMAZENAMOS OS DADOS E REGISTROS<\/strong><\/h4>\n<\/li>\n<\/ol>\n<p><span style=\"font-weight: 400;\">2.1. Os dados coletados e os registros de atividades ser\u00e3o armazenados em ambiente seguro e controlado pelo prazo m\u00ednimo estipulado em lei de acordo com a natureza do dado.<\/span><\/p>\n<p><span style=\"font-weight: 400;\">2.2. Caso haja solicita\u00e7\u00e3o do USU\u00c1RIO, os dados poder\u00e3o ser apagados antes desse prazo. No entanto, pode ocorrer de os dados precisarem ser mantidos por per\u00edodo superior, por motivo de lei, ordem judicial, preven\u00e7\u00e3o \u00e0 fraude (art. 11, II, \u201ca\u201d da Lei Geral de Prote\u00e7\u00e3o de Dados \u201cLGPD\u201d, Lei n\u00ba 13.709\/2018), prote\u00e7\u00e3o ao cr\u00e9dito (art. 7\u00ba, X, LGPD) e outros interesses leg\u00edtimos, em conformidade com o artigo 10 da LGPD. Findados o prazo e a necessidade legal, ser\u00e3o exclu\u00eddos com uso de m\u00e9todos de descarte seguro, ou utilizados de forma anonimizada para fins estat\u00edsticos.<\/span><\/p>\n<p><span style=\"font-weight: 400;\">2.3. Os dados coletados ser\u00e3o armazenados em servidores destinados \u00e0 tal finalidade.<\/span><\/p>\n<p><span style=\"font-weight: 400;\">2.4. Os servidores de armazenamento s\u00e3o estruturados de acordo com a legisla\u00e7\u00e3o vigente.<\/span><\/p>\n<ol start=\"3\">\n<li>\n<h4><strong> EXIBI\u00c7\u00c3O, RETIFICA\u00c7\u00c3O, LIMITA\u00c7\u00c3O, OPOSI\u00c7\u00c3O E EXCLUS\u00c3O DE DADOS<\/strong><\/h4>\n<\/li>\n<\/ol>\n<p><span style=\"font-weight: 400;\">3.1. O USU\u00c1RIO pode solicitar a exibi\u00e7\u00e3o ou retifica\u00e7\u00e3o de seus dados pessoais, por meio dos seguintes canais de atendimento da RAKS.<\/span><\/p>\n<p><span style=\"font-weight: 400;\">3.2 Pela mesma ferramenta, o USU\u00c1RIO poder\u00e1 tamb\u00e9m:<\/span><\/p>\n<p><span style=\"font-weight: 400;\">(i) requerer a limita\u00e7\u00e3o do uso de seus dados pessoais;<\/span><\/p>\n<p><span style=\"font-weight: 400;\">(ii) manifestar sua oposi\u00e7\u00e3o ao uso de seus dados pessoais;<\/span><\/p>\n<p><span style=\"font-weight: 400;\">(iii) solicitar a portabilidade dos dados cadastrais, em formato leg\u00edvel, para outro Controlador do mesmo ramo de nossa atua\u00e7\u00e3o;<\/span><\/p>\n<p><span style=\"font-weight: 400;\">(iv) solicitar a exclus\u00e3o de seus dados pessoais que coletamos, desde que eventuais Contas de Acesso tenham sido canceladas e decorrido o prazo legal m\u00ednimo relacionado \u00e0 guarda de dados.<\/span><\/p>\n<p><span style=\"font-weight: 400;\">3.2.1. Caso o USU\u00c1RIO retire seu consentimento para finalidades fundamentais ao regular funcionamento do s\u00edtio eletr\u00f4nico da RAKS, os servi\u00e7os e funcionalidades poder\u00e3o ficar indispon\u00edveis.<\/span><\/p>\n<p><span style=\"font-weight: 400;\">3.2.2. Caso o USU\u00c1RIO n\u00e3o conceda seu consentimento para as finalidades facultativas, relacionadas ao envio de informa\u00e7\u00f5es, novidades, conte\u00fados, not\u00edcias e demais eventos relevantes para a manuten\u00e7\u00e3o do relacionamento, os servi\u00e7os e funcionalidades do s\u00edtio eletr\u00f4nico da RAKS continuar\u00e3o sendo disponibilizados regularmente.<\/span><\/p>\n<p><span style=\"font-weight: 400;\">3.3. Para fins de auditoria, seguran\u00e7a, controle de fraudes e preserva\u00e7\u00e3o de direitos, poderemos permanecer com o hist\u00f3rico de registro dos dados do USU\u00c1RIO por prazo maior nas hip\u00f3teses que a lei ou norma regulat\u00f3ria assim estabelecer ou para preserva\u00e7\u00e3o de direitos.<\/span><\/p>\n<ol start=\"4\">\n<li>\n<h4><strong> NEWSLETTER<\/strong><\/h4>\n<\/li>\n<\/ol>\n<p><span style=\"font-weight: 400;\">4.1. Caso tenha se cadastrado para receber a newsletter da RAKS o USU\u00c1RIO concorda em receber not\u00edcias, publicidade personalizada sobre nossos produtos e servi\u00e7os e outras informa\u00e7\u00f5es.<\/span><\/p>\n<p><span style=\"font-weight: 400;\">4.1.1. A newsletter inclui novidades, ofertas e outras informa\u00e7\u00f5es.<\/span><\/p>\n<p><span style=\"font-weight: 400;\">4.1.2. Ao se cadastrar para receber a newsletter, o USU\u00c1RIO declara concordar que a RAKS realize uma compila\u00e7\u00e3o personalizada de not\u00edcias, ofertas e outras informa\u00e7\u00f5es, bem como avalie seus padr\u00f5es de uso do site, para o envio de newsletter personalizada que atenda \u00e0s necessidades e interesses do USU\u00c1RIO.<\/span><\/p>\n<p><span style=\"font-weight: 400;\">4.1.3. Os dados tamb\u00e9m s\u00e3o guardados e usados para efeitos promocionais e pesquisas de mercado. Para tal, s\u00f3 entraremos em contato com o USU\u00c1RIO por e-mail. Por \u00faltimo, tamb\u00e9m usaremos seus dados para analisar e melhorar a efic\u00e1cia dos nossos sites.<\/span><\/p>\n<p><span style=\"font-weight: 400;\">4.1.4. Se o USU\u00c1RIO n\u00e3o quiser mais receber a newsletter, poder\u00e1 cancelar o cadastro a qualquer momento. Para isso, o USU\u00c1RIO poder\u00e1 clicar no link presente em todas as newsletters para ser encaminhado ao processo de cancelamento ou poder\u00e1 utilizar um dos meios de comunica\u00e7\u00e3o dispon\u00edveis.<\/span><\/p>\n<ol start=\"5\">\n<li>\n<h4><strong> COOKIES<\/strong><\/h4>\n<\/li>\n<\/ol>\n<p><span style=\"font-weight: 400;\">5.1. Para facilitar o uso do s\u00edtio eletr\u00f4nico da RAKS, o USU\u00c1RIO consente que sejam utilizados \u201cCookies\u201d. Cookies s\u00e3o pequenas unidades de dados armazenadas no disco r\u00edgido do seu computador pelo seu navegador e que s\u00e3o necess\u00e1rias para o uso do s\u00edtio eletr\u00f4nico da RAKS.<\/span><\/p>\n<p><span style=\"font-weight: 400;\">5.2. Os Cookies permitem que uma Plataforma Digital memorize informa\u00e7\u00f5es sobre a visita do USU\u00c1RIO, o seu idioma preferido, a sua localiza\u00e7\u00e3o, a recorr\u00eancia das suas sess\u00f5es e outras vari\u00e1veis que a RAKS considera relevantes para tornar a experi\u00eancia muito mais eficiente. Esses Cookies tamb\u00e9m ser\u00e3o usados para ajudar a determinar a utilidade, interesse e o n\u00famero de utiliza\u00e7\u00f5es dos sites, permitindo uma navega\u00e7\u00e3o mais r\u00e1pida e eficiente e eliminando a necessidade de introduzir repetidamente as mesmas informa\u00e7\u00f5es. Eles n\u00e3o armazenam dados pessoais nem coletam informa\u00e7\u00f5es de identifica\u00e7\u00e3o pessoal.<\/span><\/p>\n<p><span style=\"font-weight: 400;\">5.3. Cookies de publicidade comportamental on-line<\/span><\/p>\n<p><span style=\"font-weight: 400;\">5.3.1. A RAKS reserva-se o direito de usar informa\u00e7\u00f5es obtidas por meio de Cookies a partir de uma an\u00e1lise do comportamento de utiliza\u00e7\u00e3o dos visitantes do s\u00edtio eletr\u00f4nico da RAKS, a fim de exibir publicidade espec\u00edfica para alguns dos nossos produtos. A RAKS acredita que esta a\u00e7\u00e3o beneficie o USU\u00c1RIO, porque s\u00e3o exibidos conte\u00fado ou publicidade que a RAKS acredita corresponder aos interesses do USU\u00c1RIO \u2013 com base em seu comportamento de navega\u00e7\u00e3o, pois ver\u00e1 menos publicidade exibida aleatoriamente e menos conte\u00fados que n\u00e3o s\u00e3o de seu interesse.<\/span><\/p>\n<p><span style=\"font-weight: 400;\">5.4. Como prevenir que os cookies sejam armazenados no seu disco r\u00edgido e\/ou elimin\u00e1-los.<\/span><\/p>\n<p><span style=\"font-weight: 400;\">5.4.1. A maioria dos navegadores de Internet s\u00e3o configurados para aceitar automaticamente os Cookies. O USU\u00c1RIO poder\u00e1 alterar as configura\u00e7\u00f5es para bloquear o uso de Cookies ou alert\u00e1-lo quando um Cookie estiver sendo enviado para seu dispositivo.<\/span><\/p>\n<p><span style=\"font-weight: 400;\">5.4.2. Depois de autorizar o uso de Cookies, o USU\u00c1RIO pode sempre desativar parte ou a totalidade dos nossos Cookies.<\/span><\/p>\n<p><span style=\"font-weight: 400;\">5.4.3. Todos os browsers permitem ao utilizador aceitar, recusar ou apagar Cookies, nomeadamente atrav\u00e9s da sele\u00e7\u00e3o das defini\u00e7\u00f5es apropriadas no respectivo navegador. O USU\u00c1RIO pode configurar os Cookies no menu &#8220;op\u00e7\u00f5es&#8221; ou &#8220;prefer\u00eancias&#8221; do seu browser.<\/span><\/p>\n<p><span style=\"font-weight: 400;\">5.4.4. Note-se que, ao desativar cookies, pode-se impedir que alguns servi\u00e7os da web funcionem corretamente, afetando, parcial ou totalmente, a navega\u00e7\u00e3o no website.<\/span><\/p>\n<ol start=\"6\">\n<li>\n<h4><strong> DISPOSI\u00c7\u00d5ES GERAIS<\/strong><\/h4>\n<\/li>\n<\/ol>\n<p><span style=\"font-weight: 400;\">6.1. N\u00e3o utilizamos nenhum tipo de decis\u00e3o automatizada que impacte o USU\u00c1RIO.<\/span><\/p>\n<p><span style=\"font-weight: 400;\">6.2. Temos o direito de alterar o teor desta Pol\u00edtica de Privacidade a qualquer momento, conforme a finalidade ou necessidade, tal qual para adequa\u00e7\u00e3o e conformidade legal de disposi\u00e7\u00e3o de lei ou norma que tenha for\u00e7a jur\u00eddica equivalente, cabendo ao USU\u00c1RIO verific\u00e1-la sempre que efetuar o acesso no s\u00edtio eletr\u00f4nico da RAKS.<\/span><\/p>\n<p><span style=\"font-weight: 400;\">6.2.1. Ocorrendo atualiza\u00e7\u00f5es neste documento e que demandem nova coleta de consentimento, ser\u00e3o notificados por meio dos contatos que nos fornece no cadastro.<\/span><\/p>\n<p><span style=\"font-weight: 400;\">6.3 Em caso de qualquer d\u00favida com rela\u00e7\u00e3o \u00e0s disposi\u00e7\u00f5es constantes desta Pol\u00edtica de Seguran\u00e7a e Privacidade, o USU\u00c1RIO poder\u00e1 entrar em contato por meio dos canais de atendimento aqui dispon\u00edveis ou atrav\u00e9s do contato do Encarregado pelo Tratamento de Dados Pessoais (DPO) da RAKS, conforme dados a seguir:<\/span><\/p>\n<p><span style=\"font-weight: 400;\">A Lei Geral de Prote\u00e7\u00e3o de Dados (13.709\/2018) criou a figura do encarregado de prote\u00e7\u00e3o de dados (DPO).<\/span><\/p>\n<p><span style=\"font-weight: 400;\">Esse ser\u00e1 o profissional respons\u00e1vel pelo tratamento de dados dos indiv\u00edduos adequado \u00e0 lei.<\/span><\/p>\n<p><span style=\"font-weight: 400;\"><strong>Data Protection Officer &#8211; DPO<\/strong><br><\/span><span style=\"font-size: 16px; font-weight: 400;\">Fabiane Kuhn<br><\/span><span style=\"font-size: 16px; font-weight: 400;\">Contato: contato@raks.com.br<br><\/span><span style=\"font-size: 16px; font-weight: 400;\">+55 51-9<\/span><span style=\"font-size: 16px;\">9191-9438<\/span><\/p>\n<p><span style=\"font-weight: 400;\">6.4. Caso empresas terceirizadas realizem o processamento de quaisquer dados que coletamos, elas dever\u00e3o respeitar as condi\u00e7\u00f5es aqui estipuladas e nossas normas de Seguran\u00e7a da Informa\u00e7\u00e3o, obrigatoriamente.<\/span><\/p>\n<p><span style=\"font-weight: 400;\">6.5. Caso alguma disposi\u00e7\u00e3o desta Pol\u00edtica de Privacidade seja considerada ilegal ou ileg\u00edtima por autoridade da localidade em que resida ou da sua conex\u00e3o \u00e0 Internet, as demais condi\u00e7\u00f5es permanecer\u00e3o em pleno vigor e efeito.<\/span><\/p>\n<p><span style=\"font-weight: 400;\">6.6. O USU\u00c1RIO reconhece que toda comunica\u00e7\u00e3o realizada por e-mail (aos endere\u00e7os informados no seu cadastro), SMS, aplicativos de comunica\u00e7\u00e3o instant\u00e2nea ou qualquer outra forma digital, \u00e9 eficaz e suficiente para a divulga\u00e7\u00e3o de qualquer assunto que se refira aos servi\u00e7os que prestamos, bem como \u00e0s condi\u00e7\u00f5es de sua presta\u00e7\u00e3o ou a qualquer outro assunto nele abordado, ressalvadas as disposi\u00e7\u00f5es expressamente diversas previstas nesta Pol\u00edtica de Privacidade.<\/span><\/p>\n<ol start=\"7\">\n<li>\n<h4><strong> LEI APLIC\u00c1VEL E JURISDI\u00c7\u00c3O<\/strong><\/h4>\n<\/li>\n<\/ol>\n<p><span style=\"font-weight: 400;\">7.1. A presente Pol\u00edtica de Privacidade ser\u00e1 regida e interpretada segundo a legisla\u00e7\u00e3o brasileira, no idioma portugu\u00eas, sendo eleito o Foro da Comarca de Novo Hamburgo\/RS para dirimir qualquer lit\u00edgio ou controv\u00e9rsia envolvendo o presente documento, com expressa ren\u00fancia de qualquer outro, por mais privilegiado que seja.<\/span><\/p>\n<p><span style=\"font-weight: 400;\">Atualiza\u00e7\u00e3o: 21 de julho de 2020.<\/span><\/p><\/div>\n\t\t\t\t<\/div>\n\t\t\t\t<\/div>\n\t\t\t\t\t\t<\/div>\n\t\t\t\t\t<\/div>\n\t\t<\/div>\n\t\t\t\t\t\t\t\t<\/div>\n\t\t\t\t\t<\/div>\n\t\t<\/section>\n\t\t\t\t\t\t<\/div>\n\t\t\t\t\t\t<\/div>\n\t\t\t\t\t<\/div>","protected":false},"excerpt":{"rendered":"<p>SEUS DADOS EST\u00c3O PROTEGIDOS Pol\u00edtica de Privacidade e Seguran\u00e7a A presente Pol\u00edtica de Privacidade tem por finalidade demonstrar o compromisso da RAKS TECNOLOGIA AGR\u00cdCOLA LTDA, pessoa jur\u00eddica de direito privado, com sede na cidade de S\u00e3o Leopoldo, estado do Rio Grande do Sul, na Av. Unisinos, n\u00ba 950, Salas 213 e 214, CEP 93022-750, inscrita &hellip;<\/p>\n<p class=\"read-more\"> <a class=\"\" href=\"https:\/\/raks.com.br\/en\/politica-de-privacidade-e-seguranca\/\"> <span class=\"screen-reader-text\">Pol\u00edtica de Privacidade e Seguran\u00e7a<\/span> Read More \u00bb<\/a><\/p>","protected":false},"author":11,"featured_media":0,"parent":0,"menu_order":0,"comment_status":"closed","ping_status":"closed","template":"","meta":[],"yst_prominent_words":[],"_links":{"self":[{"href":"https:\/\/raks.com.br\/en\/wp-json\/wp\/v2\/pages\/2200"}],"collection":[{"href":"https:\/\/raks.com.br\/en\/wp-json\/wp\/v2\/pages"}],"about":[{"href":"https:\/\/raks.com.br\/en\/wp-json\/wp\/v2\/types\/page"}],"author":[{"embeddable":true,"href":"https:\/\/raks.com.br\/en\/wp-json\/wp\/v2\/users\/11"}],"replies":[{"embeddable":true,"href":"https:\/\/raks.com.br\/en\/wp-json\/wp\/v2\/comments?post=2200"}],"version-history":[{"count":10,"href":"https:\/\/raks.com.br\/en\/wp-json\/wp\/v2\/pages\/2200\/revisions"}],"predecessor-version":[{"id":2344,"href":"https:\/\/raks.com.br\/en\/wp-json\/wp\/v2\/pages\/2200\/revisions\/2344"}],"wp:attachment":[{"href":"https:\/\/raks.com.br\/en\/wp-json\/wp\/v2\/media?parent=2200"}],"wp:term":[{"taxonomy":"yst_prominent_words","embeddable":true,"href":"https:\/\/raks.com.br\/en\/wp-json\/wp\/v2\/yst_prominent_words?post=2200"}],"curies":[{"name":"wp","href":"https:\/\/api.w.org\/{rel}","templated":true}]}}